{"id":459,"date":"2022-12-11T16:23:47","date_gmt":"2022-12-11T15:23:47","guid":{"rendered":"https:\/\/www.servizi-ingegneria.it\/?page_id=459"},"modified":"2022-12-11T19:54:32","modified_gmt":"2022-12-11T18:54:32","slug":"home","status":"publish","type":"page","link":"https:\/\/www.servizi-ingegneria.it\/","title":{"rendered":"Home"},"content":{"rendered":"\n<p class=\"has-text-align-left\">&#8220;<em>L&#8217;ingegnere non pu\u00f2 seppellire i suoi errori nella tomba come i medici; n\u00e9 pu\u00f2 trasformarli in aria sottile o darne colpa ai giudici come gli avvocati. Egli non pu\u00f2 coprire i suoi insuccessi con alberi o rampicanti come gli architetti, n\u00e9, come i politici, riversare gli errori sugli oppositori sperando che la gente dimentichi<\/em>&#8220;.<\/p>\n\n\n\n<figure class=\"wp-block-image size-large\"><img decoding=\"async\" src=\"https:\/\/img.freepik.com\/free-photo\/image-engineering-objects-workplace-top-view-construction-concept-engineering-tools-vintage-tone-retro-filter-effect-soft-focus-selective-focus_1418-712.jpg?w=1380&amp;t=st=1670782543~exp=1670783143~hmac=ef69c3c3a9f71d9bd9580e952601309599135e7da77da088023a4d28d73f25ee\" alt=\"\"\/><\/figure>\n\n\n\n<p>\u2013&nbsp;<strong>Herbert Hoover<\/strong>, ingegnere e 31\u00b0 Presidente degli Stati Uniti d&#8217;America, dal 1929 al 1933.<\/p>\n\n\n\n<p><\/p>\n\n\n\n<hr class=\"wp-block-separator has-alpha-channel-opacity\"\/>\n\n\n\n<p><strong>Ultimi articoli:<\/strong><\/p>\n\n\n<ul class=\"wp-block-latest-posts__list wp-block-latest-posts\"><li><div class=\"wp-block-latest-posts__featured-image\"><img loading=\"lazy\" decoding=\"async\" width=\"150\" height=\"150\" src=\"https:\/\/www.servizi-ingegneria.it\/wp-content\/uploads\/2023\/05\/347396026_1298220214105752_7213949653633796316_n-150x150.jpg\" class=\"attachment-thumbnail size-thumbnail wp-post-image\" alt=\"\" style=\"\" \/><\/div><a class=\"wp-block-latest-posts__post-title\" href=\"https:\/\/www.servizi-ingegneria.it\/index.php\/2023\/05\/20\/554\/\">Lavori in galleria<\/a><div class=\"wp-block-latest-posts__post-excerpt\">Le strade che alla prima vista non sbucano, vanno aggredite con determinazione! Alla fine saranno percorse anche da tanti altri<\/div><\/li>\n<li><div class=\"wp-block-latest-posts__featured-image\"><img loading=\"lazy\" decoding=\"async\" width=\"150\" height=\"150\" src=\"https:\/\/www.servizi-ingegneria.it\/wp-content\/uploads\/2022\/12\/Calendario2023-150x150.png\" class=\"attachment-thumbnail size-thumbnail wp-post-image\" alt=\"\" style=\"\" \/><\/div><a class=\"wp-block-latest-posts__post-title\" href=\"https:\/\/www.servizi-ingegneria.it\/index.php\/2022\/12\/11\/calendario-2023\/\">Calendario 2023<\/a><div class=\"wp-block-latest-posts__post-excerpt\">Servizi-Ingegneria.it&nbsp;\u00e8 lieto di offrire il file .pdf del calendario del 2023 liberamente scaricabile e stampabile in formato A1. Per effettuare il download del file&nbsp;fai click qui.<\/div><\/li>\n<li><div class=\"wp-block-latest-posts__featured-image\"><img loading=\"lazy\" decoding=\"async\" width=\"150\" height=\"150\" src=\"https:\/\/www.servizi-ingegneria.it\/wp-content\/uploads\/2023\/04\/82f5cdb86fca697f2a6710093ac3c214-150x150.jpg\" class=\"attachment-thumbnail size-thumbnail wp-post-image\" alt=\"\" style=\"\" \/><\/div><a class=\"wp-block-latest-posts__post-title\" href=\"https:\/\/www.servizi-ingegneria.it\/index.php\/2016\/06\/09\/il-monolite-nero\/\">Il monolite nero<\/a><div class=\"wp-block-latest-posts__post-excerpt\">SERVIZI-INGEGNERIA.it rende omaggio a Stanley Kubrick, il geniale regista di &#8220;2001 Odissea nello Spazio&#8221; e di molti altri capolavori cinematografici, adottando il monolite nero\u00a0come logotipo per il proprio sito. Monolitico significa formato da un solo blocco di pietra. Per estensione, nella tecnica, \u00e8 riferito a strutture complesse fatte di parti unite assieme e non distaccabili.\u2026 <a class=\"wp-block-latest-posts__read-more\" href=\"https:\/\/www.servizi-ingegneria.it\/index.php\/2016\/06\/09\/il-monolite-nero\/\" rel=\"noopener noreferrer\">Leggi tutto<span class=\"screen-reader-text\">: Il monolite nero<\/span><\/a><\/div><\/li>\n<\/ul>","protected":false},"excerpt":{"rendered":"<p>&#8220;L&#8217;ingegnere non pu\u00f2 seppellire i suoi errori nella tomba come i medici; n\u00e9 pu\u00f2 trasformarli in aria sottile o darne colpa ai giudici come gli avvocati. Egli non pu\u00f2 coprire i suoi insuccessi con alberi o rampicanti come gli architetti, n\u00e9, come i politici, riversare gli errori sugli oppositori sperando che la gente dimentichi&#8220;. \u2013&nbsp;Herbert [&hellip;]<\/p>\n","protected":false},"author":1,"featured_media":0,"parent":0,"menu_order":0,"comment_status":"closed","ping_status":"closed","template":"","meta":{"hide_page_title":"enabled","_coblocks_attr":"","_coblocks_dimensions":"","_coblocks_responsive_height":"","_coblocks_accordion_ie_support":"","footnotes":""},"class_list":["post-459","page","type-page","status-publish","hentry"],"_links":{"self":[{"href":"https:\/\/www.servizi-ingegneria.it\/index.php\/wp-json\/wp\/v2\/pages\/459","targetHints":{"allow":["GET"]}}],"collection":[{"href":"https:\/\/www.servizi-ingegneria.it\/index.php\/wp-json\/wp\/v2\/pages"}],"about":[{"href":"https:\/\/www.servizi-ingegneria.it\/index.php\/wp-json\/wp\/v2\/types\/page"}],"author":[{"embeddable":true,"href":"https:\/\/www.servizi-ingegneria.it\/index.php\/wp-json\/wp\/v2\/users\/1"}],"replies":[{"embeddable":true,"href":"https:\/\/www.servizi-ingegneria.it\/index.php\/wp-json\/wp\/v2\/comments?post=459"}],"version-history":[{"count":22,"href":"https:\/\/www.servizi-ingegneria.it\/index.php\/wp-json\/wp\/v2\/pages\/459\/revisions"}],"predecessor-version":[{"id":519,"href":"https:\/\/www.servizi-ingegneria.it\/index.php\/wp-json\/wp\/v2\/pages\/459\/revisions\/519"}],"wp:attachment":[{"href":"https:\/\/www.servizi-ingegneria.it\/index.php\/wp-json\/wp\/v2\/media?parent=459"}],"curies":[{"name":"wp","href":"https:\/\/api.w.org\/{rel}","templated":true}]}}